{"id":12075,"date":"2023-10-13T08:22:39","date_gmt":"2023-10-13T07:22:39","guid":{"rendered":"https:\/\/interiumpro.cz\/3d-planirovochnoe-reshenie\/"},"modified":"2023-10-13T08:22:43","modified_gmt":"2023-10-13T07:22:43","slug":"3d-planirovochnoe-reshenie","status":"publish","type":"page","link":"https:\/\/interiumpro.cz\/ru\/3d-planirovochnoe-reshenie\/","title":{"rendered":"3D \u043f\u043b\u0430\u043d\u0438\u0440\u043e\u0432\u043e\u0447\u043d\u043e\u0435 \u0440\u0435\u0448\u0435\u043d\u0438\u0435"},"content":{"rendered":"\t\t<div data-elementor-type=\"wp-page\" data-elementor-id=\"12075\" class=\"elementor elementor-12075 elementor-11454\" data-elementor-post-type=\"page\">\n\t\t\t\t\t\t<section class=\"elementor-section elementor-top-section elementor-element elementor-element-7ea21ea1 elementor-section-stretched elementor-section-boxed elementor-section-height-default elementor-section-height-default\" data-id=\"7ea21ea1\" data-element_type=\"section\" data-e-type=\"section\" data-settings=\"{&quot;stretch_section&quot;:&quot;section-stretched&quot;}\">\n\t\t\t\t\t\t<div class=\"elementor-container elementor-column-gap-default\">\n\t\t\t\t\t<div class=\"elementor-column elementor-col-33 elementor-top-column elementor-element elementor-element-1ea4a53\" data-id=\"1ea4a53\" data-element_type=\"column\" data-e-type=\"column\">\n\t\t\t<div class=\"elementor-widget-wrap elementor-element-populated\">\n\t\t\t\t\t\t<div class=\"elementor-element elementor-element-6c4b608b elementor-widget-divider--view-line elementor-invisible elementor-widget elementor-widget-divider\" data-id=\"6c4b608b\" data-element_type=\"widget\" data-e-type=\"widget\" data-settings=\"{&quot;_animation&quot;:&quot;fadeInLeft&quot;}\" data-widget_type=\"divider.default\">\n\t\t\t\t<div class=\"elementor-widget-container\">\n\t\t\t\t\t\t\t<div class=\"elementor-divider\">\n\t\t\t<span class=\"elementor-divider-separator\">\n\t\t\t\t\t\t<\/span>\n\t\t<\/div>\n\t\t\t\t\t\t<\/div>\n\t\t\t\t<\/div>\n\t\t\t\t\t<\/div>\n\t\t<\/div>\n\t\t\t\t<div class=\"elementor-column elementor-col-33 elementor-top-column elementor-element elementor-element-34661c94\" data-id=\"34661c94\" data-element_type=\"column\" data-e-type=\"column\">\n\t\t\t<div class=\"elementor-widget-wrap elementor-element-populated\">\n\t\t\t\t\t\t<div class=\"elementor-element elementor-element-b8b7f6a elementor-widget elementor-widget-heading\" data-id=\"b8b7f6a\" data-element_type=\"widget\" data-e-type=\"widget\" data-widget_type=\"heading.default\">\n\t\t\t\t<div class=\"elementor-widget-container\">\n\t\t\t\t\t<h2 class=\"elementor-heading-title elementor-size-default\">\u041f\u0440\u0438\u043c\u0435\u0440 3D \u043f\u0440\u0435\u0437\u0435\u043d\u0442\u0430\u0446\u0438\u0438 \u043f\u043b\u0430\u043d\u0438\u0440\u043e\u0432\u043a\u0438 <\/h2>\t\t\t\t<\/div>\n\t\t\t\t<\/div>\n\t\t\t\t\t<\/div>\n\t\t<\/div>\n\t\t\t\t<div class=\"elementor-column elementor-col-33 elementor-top-column elementor-element elementor-element-b9f5972\" data-id=\"b9f5972\" data-element_type=\"column\" data-e-type=\"column\">\n\t\t\t<div class=\"elementor-widget-wrap elementor-element-populated\">\n\t\t\t\t\t\t<div class=\"elementor-element elementor-element-5372d21e elementor-widget-divider--view-line elementor-invisible elementor-widget elementor-widget-divider\" data-id=\"5372d21e\" data-element_type=\"widget\" data-e-type=\"widget\" data-settings=\"{&quot;_animation&quot;:&quot;fadeInRight&quot;}\" data-widget_type=\"divider.default\">\n\t\t\t\t<div class=\"elementor-widget-container\">\n\t\t\t\t\t\t\t<div class=\"elementor-divider\">\n\t\t\t<span class=\"elementor-divider-separator\">\n\t\t\t\t\t\t<\/span>\n\t\t<\/div>\n\t\t\t\t\t\t<\/div>\n\t\t\t\t<\/div>\n\t\t\t\t\t<\/div>\n\t\t<\/div>\n\t\t\t\t\t<\/div>\n\t\t<\/section>\n\t\t\t\t<section class=\"elementor-section elementor-top-section elementor-element elementor-element-59c31b55 elementor-section-boxed elementor-section-height-default elementor-section-height-default\" data-id=\"59c31b55\" data-element_type=\"section\" data-e-type=\"section\">\n\t\t\t\t\t\t<div class=\"elementor-container elementor-column-gap-default\">\n\t\t\t\t\t<div class=\"elementor-column elementor-col-33 elementor-top-column elementor-element elementor-element-15b9bbcc\" data-id=\"15b9bbcc\" data-element_type=\"column\" data-e-type=\"column\">\n\t\t\t<div class=\"elementor-widget-wrap elementor-element-populated\">\n\t\t\t\t\t\t<div class=\"elementor-element elementor-element-5bcaa14 elementor-widget elementor-widget-video\" data-id=\"5bcaa14\" data-element_type=\"widget\" data-e-type=\"widget\" data-settings=\"{&quot;youtube_url&quot;:&quot;https:\\\/\\\/www.youtube.com\\\/watch?app=desktop&amp;v=yqAd97c8EhQ&amp;t=1s&quot;,&quot;video_type&quot;:&quot;youtube&quot;,&quot;controls&quot;:&quot;yes&quot;}\" data-widget_type=\"video.default\">\n\t\t\t\t<div class=\"elementor-widget-container\">\n\t\t\t\t\t\t\t<div class=\"elementor-wrapper elementor-open-inline\">\n\t\t\t<div class=\"elementor-video\"><\/div>\t\t<\/div>\n\t\t\t\t\t\t<\/div>\n\t\t\t\t<\/div>\n\t\t\t\t\t<\/div>\n\t\t<\/div>\n\t\t\t\t<div class=\"elementor-column elementor-col-66 elementor-top-column elementor-element elementor-element-62017139\" data-id=\"62017139\" data-element_type=\"column\" data-e-type=\"column\">\n\t\t\t<div class=\"elementor-widget-wrap elementor-element-populated\">\n\t\t\t\t\t\t<div class=\"elementor-element elementor-element-5d5a993d elementor-widget elementor-widget-image\" data-id=\"5d5a993d\" data-element_type=\"widget\" data-e-type=\"widget\" data-widget_type=\"image.default\">\n\t\t\t\t<div class=\"elementor-widget-container\">\n\t\t\t\t\t\t\t\t\t\t\t\t\t\t\t\t<a href=\"https:\/\/interiumpro.cz\/wp-content\/uploads\/2023\/10\/dispozice-1.png\" data-elementor-open-lightbox=\"yes\" data-e-action-hash=\"#elementor-action%3Aaction%3Dlightbox%26settings%3DeyJpZCI6MTE0NjMsInVybCI6Imh0dHBzOlwvXC9pbnRlcml1bXByby5jelwvd3AtY29udGVudFwvdXBsb2Fkc1wvMjAyM1wvMTBcL2Rpc3BvemljZS0xLnBuZyJ9\">\n\t\t\t\t\t\t\t<img fetchpriority=\"high\" decoding=\"async\" width=\"709\" height=\"363\" src=\"https:\/\/interiumpro.cz\/wp-content\/uploads\/2023\/10\/dispozice-1.png\" class=\"attachment-full size-full wp-image-11463\" alt=\"\" srcset=\"https:\/\/interiumpro.cz\/wp-content\/uploads\/2023\/10\/dispozice-1.png 709w, https:\/\/interiumpro.cz\/wp-content\/uploads\/2023\/10\/dispozice-1-300x154.png 300w\" sizes=\"(max-width: 709px) 100vw, 709px\" \/>\t\t\t\t\t\t\t\t<\/a>\n\t\t\t\t\t\t\t\t\t\t\t\t\t\t\t<\/div>\n\t\t\t\t<\/div>\n\t\t\t\t<div class=\"elementor-element elementor-element-1a31078 elementor-widget elementor-widget-text-editor\" data-id=\"1a31078\" data-element_type=\"widget\" data-e-type=\"widget\" data-widget_type=\"text-editor.default\">\n\t\t\t\t<div class=\"elementor-widget-container\">\n\t\t\t\t\t\t\t\t\t<div>\u041f\u041b\u0410\u041d\u0418\u0420\u041e\u0412\u041e\u0427\u041d\u041e\u0415 \u0420\u0415\u0428\u0415\u041d\u0418\u0415<\/div>\n<ul>\n<li>\u0418\u0437\u043c\u0435\u043d\u0435\u043d\u0438\u0435 \u043f\u0435\u0440\u0435\u0433\u043e\u0440\u043e\u0434\u043e\u043a, \u0440\u0430\u0437\u043c\u0435\u0449\u0435\u043d\u0438\u0435 \u043c\u0435\u0431\u0435\u043b\u0438 \u0438 \u043e\u0441\u0432\u0435\u0449\u0435\u043d\u0438\u044f<\/li>\n<li>\u041f\u0440\u0435\u0434\u043b\u0430\u0433\u0430\u0435\u043c 2-3 \u0432\u0430\u0440\u0438\u0430\u043d\u0442\u0430, \u0432\u044b\u0431\u0440\u0430\u043d\u043d\u044b\u0439 \u043f\u0440\u0438 \u043d\u0435\u043e\u0431\u0445\u043e\u0434\u0438\u043c\u043e\u0441\u0442\u0438 \u0434\u043e\u0440\u0430\u0431\u043e\u0442\u0430\u0435\u043c.<\/li>\n<\/ul>\n\t\t\t\t\t\t\t\t<\/div>\n\t\t\t\t<\/div>\n\t\t\t\t\t<\/div>\n\t\t<\/div>\n\t\t\t\t\t<\/div>\n\t\t<\/section>\n\t\t\t\t<\/div>\n\t\t","protected":false},"excerpt":{"rendered":"<p>\u041f\u0440\u0438\u043c\u0435\u0440 3D \u043f\u0440\u0435\u0437\u0435\u043d\u0442\u0430\u0446\u0438\u0438 \u043f\u043b\u0430\u043d\u0438\u0440\u043e\u0432\u043a\u0438 https:\/\/www.youtube.com\/watch?app=desktop&#038;v=yqAd97c8EhQ&#038;t=1s \u041f\u041b\u0410\u041d\u0418\u0420\u041e\u0412\u041e\u0427\u041d\u041e\u0415 \u0420\u0415\u0428\u0415\u041d\u0418\u0415 \u0418\u0437\u043c\u0435\u043d\u0435\u043d\u0438\u0435 \u043f\u0435\u0440\u0435\u0433\u043e\u0440\u043e\u0434\u043e\u043a, \u0440\u0430\u0437\u043c\u0435\u0449\u0435\u043d\u0438\u0435 \u043c\u0435\u0431\u0435\u043b\u0438 \u0438 \u043e\u0441\u0432\u0435\u0449\u0435\u043d\u0438\u044f \u041f\u0440\u0435\u0434\u043b\u0430\u0433\u0430\u0435\u043c 2-3 \u0432\u0430\u0440\u0438\u0430\u043d\u0442\u0430, \u0432\u044b\u0431\u0440\u0430\u043d\u043d\u044b\u0439 \u043f\u0440\u0438 \u043d\u0435\u043e\u0431\u0445\u043e\u0434\u0438\u043c\u043e\u0441\u0442\u0438 \u0434\u043e\u0440\u0430\u0431\u043e\u0442\u0430\u0435\u043c.<\/p>\n","protected":false},"author":1,"featured_media":0,"parent":0,"menu_order":0,"comment_status":"closed","ping_status":"closed","template":"","meta":{"footnotes":""},"class_list":["post-12075","page","type-page","status-publish","hentry"],"yoast_head":"<!-- This site is optimized with the Yoast SEO Premium plugin v27.4 (Yoast SEO v27.4) - https:\/\/yoast.com\/product\/yoast-seo-premium-wordpress\/ -->\n<title>3D \u043f\u043b\u0430\u043d\u0438\u0440\u043e\u0432\u043e\u0447\u043d\u043e\u0435 \u0440\u0435\u0448\u0435\u043d\u0438\u0435 &#8211; Interium - \u041f\u0440\u0430\u0433\u0430<\/title>\n<meta name=\"robots\" content=\"index, follow, max-snippet:-1, max-image-preview:large, max-video-preview:-1\" \/>\n<link rel=\"canonical\" href=\"https:\/\/interiumpro.cz\/ru\/3d-planirovochnoe-reshenie\/\" \/>\n<meta property=\"og:locale\" content=\"ru_RU\" \/>\n<meta property=\"og:type\" content=\"article\" \/>\n<meta property=\"og:title\" content=\"3D \u043f\u043b\u0430\u043d\u0438\u0440\u043e\u0432\u043e\u0447\u043d\u043e\u0435 \u0440\u0435\u0448\u0435\u043d\u0438\u0435\" \/>\n<meta property=\"og:description\" content=\"\u041f\u0440\u0438\u043c\u0435\u0440 3D \u043f\u0440\u0435\u0437\u0435\u043d\u0442\u0430\u0446\u0438\u0438 \u043f\u043b\u0430\u043d\u0438\u0440\u043e\u0432\u043a\u0438 https:\/\/www.youtube.com\/watch?app=desktop&#038;v=yqAd97c8EhQ&#038;t=1s \u041f\u041b\u0410\u041d\u0418\u0420\u041e\u0412\u041e\u0427\u041d\u041e\u0415 \u0420\u0415\u0428\u0415\u041d\u0418\u0415 \u0418\u0437\u043c\u0435\u043d\u0435\u043d\u0438\u0435 \u043f\u0435\u0440\u0435\u0433\u043e\u0440\u043e\u0434\u043e\u043a, \u0440\u0430\u0437\u043c\u0435\u0449\u0435\u043d\u0438\u0435 \u043c\u0435\u0431\u0435\u043b\u0438 \u0438 \u043e\u0441\u0432\u0435\u0449\u0435\u043d\u0438\u044f \u041f\u0440\u0435\u0434\u043b\u0430\u0433\u0430\u0435\u043c 2-3 \u0432\u0430\u0440\u0438\u0430\u043d\u0442\u0430, \u0432\u044b\u0431\u0440\u0430\u043d\u043d\u044b\u0439 \u043f\u0440\u0438 \u043d\u0435\u043e\u0431\u0445\u043e\u0434\u0438\u043c\u043e\u0441\u0442\u0438 \u0434\u043e\u0440\u0430\u0431\u043e\u0442\u0430\u0435\u043c.\" \/>\n<meta property=\"og:url\" content=\"https:\/\/interiumpro.cz\/ru\/3d-planirovochnoe-reshenie\/\" \/>\n<meta property=\"og:site_name\" content=\"Interium - \u041f\u0440\u0430\u0433\u0430\" \/>\n<meta property=\"article:publisher\" content=\"https:\/\/www.facebook.com\/interiumpro.cz\/\" \/>\n<meta property=\"article:modified_time\" content=\"2023-10-13T07:22:43+00:00\" \/>\n<meta property=\"og:image\" content=\"https:\/\/interiumpro.cz\/wp-content\/uploads\/2023\/10\/dispozice-1.png\" \/>\n<meta name=\"twitter:card\" content=\"summary_large_image\" \/>\n<script type=\"application\/ld+json\" class=\"yoast-schema-graph\">{\"@context\":\"https:\\\/\\\/schema.org\",\"@graph\":[{\"@type\":\"WebPage\",\"@id\":\"https:\\\/\\\/interiumpro.cz\\\/ru\\\/3d-planirovochnoe-reshenie\\\/\",\"url\":\"https:\\\/\\\/interiumpro.cz\\\/ru\\\/3d-planirovochnoe-reshenie\\\/\",\"name\":\"3D \u043f\u043b\u0430\u043d\u0438\u0440\u043e\u0432\u043e\u0447\u043d\u043e\u0435 \u0440\u0435\u0448\u0435\u043d\u0438\u0435 &#8211; Interium - \u041f\u0440\u0430\u0433\u0430\",\"isPartOf\":{\"@id\":\"https:\\\/\\\/interiumpro.cz\\\/ru\\\/#website\"},\"primaryImageOfPage\":{\"@id\":\"https:\\\/\\\/interiumpro.cz\\\/ru\\\/3d-planirovochnoe-reshenie\\\/#primaryimage\"},\"image\":{\"@id\":\"https:\\\/\\\/interiumpro.cz\\\/ru\\\/3d-planirovochnoe-reshenie\\\/#primaryimage\"},\"thumbnailUrl\":\"https:\\\/\\\/interiumpro.cz\\\/wp-content\\\/uploads\\\/2023\\\/10\\\/dispozice-1.png\",\"datePublished\":\"2023-10-13T07:22:39+00:00\",\"dateModified\":\"2023-10-13T07:22:43+00:00\",\"breadcrumb\":{\"@id\":\"https:\\\/\\\/interiumpro.cz\\\/ru\\\/3d-planirovochnoe-reshenie\\\/#breadcrumb\"},\"inLanguage\":\"ru-RU\",\"potentialAction\":[{\"@type\":\"ReadAction\",\"target\":[\"https:\\\/\\\/interiumpro.cz\\\/ru\\\/3d-planirovochnoe-reshenie\\\/\"]}]},{\"@type\":\"ImageObject\",\"inLanguage\":\"ru-RU\",\"@id\":\"https:\\\/\\\/interiumpro.cz\\\/ru\\\/3d-planirovochnoe-reshenie\\\/#primaryimage\",\"url\":\"https:\\\/\\\/interiumpro.cz\\\/wp-content\\\/uploads\\\/2023\\\/10\\\/dispozice-1.png\",\"contentUrl\":\"https:\\\/\\\/interiumpro.cz\\\/wp-content\\\/uploads\\\/2023\\\/10\\\/dispozice-1.png\"},{\"@type\":\"BreadcrumbList\",\"@id\":\"https:\\\/\\\/interiumpro.cz\\\/ru\\\/3d-planirovochnoe-reshenie\\\/#breadcrumb\",\"itemListElement\":[{\"@type\":\"ListItem\",\"position\":1,\"name\":\"Dom\u016f\",\"item\":\"https:\\\/\\\/interiumpro.cz\\\/ru\\\/\"},{\"@type\":\"ListItem\",\"position\":2,\"name\":\"3D \u043f\u043b\u0430\u043d\u0438\u0440\u043e\u0432\u043e\u0447\u043d\u043e\u0435 \u0440\u0435\u0448\u0435\u043d\u0438\u0435\"}]},{\"@type\":\"WebSite\",\"@id\":\"https:\\\/\\\/interiumpro.cz\\\/ru\\\/#website\",\"url\":\"https:\\\/\\\/interiumpro.cz\\\/ru\\\/\",\"name\":\"Interium N\u00e1vrhy Interi\u00e9r\u016f\",\"description\":\"\u0421\u0442\u0443\u0434\u0438\u044f \u0434\u0438\u0437\u0430\u0439\u043d\u0430 \u0438\u043d\u0442\u0435\u0440\u044c\u0435\u0440\u0430\",\"publisher\":{\"@id\":\"https:\\\/\\\/interiumpro.cz\\\/ru\\\/#organization\"},\"alternateName\":\"N\u00e1vrhy Interi\u00e9r\u016f\",\"potentialAction\":[{\"@type\":\"SearchAction\",\"target\":{\"@type\":\"EntryPoint\",\"urlTemplate\":\"https:\\\/\\\/interiumpro.cz\\\/ru\\\/?s={search_term_string}\"},\"query-input\":{\"@type\":\"PropertyValueSpecification\",\"valueRequired\":true,\"valueName\":\"search_term_string\"}}],\"inLanguage\":\"ru-RU\"},{\"@type\":\"Organization\",\"@id\":\"https:\\\/\\\/interiumpro.cz\\\/ru\\\/#organization\",\"name\":\"InteriumPro N\u00e1vrhy Interi\u00e9r\u016f\",\"alternateName\":\"N\u00e1vrhy Interi\u00e9r\u016f\",\"url\":\"https:\\\/\\\/interiumpro.cz\\\/ru\\\/\",\"logo\":{\"@type\":\"ImageObject\",\"inLanguage\":\"ru-RU\",\"@id\":\"https:\\\/\\\/interiumpro.cz\\\/ru\\\/#\\\/schema\\\/logo\\\/image\\\/\",\"url\":\"https:\\\/\\\/interiumpro.cz\\\/wp-content\\\/uploads\\\/2020\\\/04\\\/cropped-logo-interium14-1024x292-1.png\",\"contentUrl\":\"https:\\\/\\\/interiumpro.cz\\\/wp-content\\\/uploads\\\/2020\\\/04\\\/cropped-logo-interium14-1024x292-1.png\",\"width\":1022,\"height\":292,\"caption\":\"InteriumPro N\u00e1vrhy Interi\u00e9r\u016f\"},\"image\":{\"@id\":\"https:\\\/\\\/interiumpro.cz\\\/ru\\\/#\\\/schema\\\/logo\\\/image\\\/\"},\"sameAs\":[\"https:\\\/\\\/www.facebook.com\\\/interiumpro.cz\\\/\"]}]}<\/script>\n<!-- \/ Yoast SEO Premium plugin. -->","yoast_head_json":{"title":"3D \u043f\u043b\u0430\u043d\u0438\u0440\u043e\u0432\u043e\u0447\u043d\u043e\u0435 \u0440\u0435\u0448\u0435\u043d\u0438\u0435 &#8211; Interium - \u041f\u0440\u0430\u0433\u0430","robots":{"index":"index","follow":"follow","max-snippet":"max-snippet:-1","max-image-preview":"max-image-preview:large","max-video-preview":"max-video-preview:-1"},"canonical":"https:\/\/interiumpro.cz\/ru\/3d-planirovochnoe-reshenie\/","og_locale":"ru_RU","og_type":"article","og_title":"3D \u043f\u043b\u0430\u043d\u0438\u0440\u043e\u0432\u043e\u0447\u043d\u043e\u0435 \u0440\u0435\u0448\u0435\u043d\u0438\u0435","og_description":"\u041f\u0440\u0438\u043c\u0435\u0440 3D \u043f\u0440\u0435\u0437\u0435\u043d\u0442\u0430\u0446\u0438\u0438 \u043f\u043b\u0430\u043d\u0438\u0440\u043e\u0432\u043a\u0438 https:\/\/www.youtube.com\/watch?app=desktop&#038;v=yqAd97c8EhQ&#038;t=1s \u041f\u041b\u0410\u041d\u0418\u0420\u041e\u0412\u041e\u0427\u041d\u041e\u0415 \u0420\u0415\u0428\u0415\u041d\u0418\u0415 \u0418\u0437\u043c\u0435\u043d\u0435\u043d\u0438\u0435 \u043f\u0435\u0440\u0435\u0433\u043e\u0440\u043e\u0434\u043e\u043a, \u0440\u0430\u0437\u043c\u0435\u0449\u0435\u043d\u0438\u0435 \u043c\u0435\u0431\u0435\u043b\u0438 \u0438 \u043e\u0441\u0432\u0435\u0449\u0435\u043d\u0438\u044f \u041f\u0440\u0435\u0434\u043b\u0430\u0433\u0430\u0435\u043c 2-3 \u0432\u0430\u0440\u0438\u0430\u043d\u0442\u0430, \u0432\u044b\u0431\u0440\u0430\u043d\u043d\u044b\u0439 \u043f\u0440\u0438 \u043d\u0435\u043e\u0431\u0445\u043e\u0434\u0438\u043c\u043e\u0441\u0442\u0438 \u0434\u043e\u0440\u0430\u0431\u043e\u0442\u0430\u0435\u043c.","og_url":"https:\/\/interiumpro.cz\/ru\/3d-planirovochnoe-reshenie\/","og_site_name":"Interium - \u041f\u0440\u0430\u0433\u0430","article_publisher":"https:\/\/www.facebook.com\/interiumpro.cz\/","article_modified_time":"2023-10-13T07:22:43+00:00","og_image":[{"url":"https:\/\/interiumpro.cz\/wp-content\/uploads\/2023\/10\/dispozice-1.png","type":"","width":"","height":""}],"twitter_card":"summary_large_image","schema":{"@context":"https:\/\/schema.org","@graph":[{"@type":"WebPage","@id":"https:\/\/interiumpro.cz\/ru\/3d-planirovochnoe-reshenie\/","url":"https:\/\/interiumpro.cz\/ru\/3d-planirovochnoe-reshenie\/","name":"3D \u043f\u043b\u0430\u043d\u0438\u0440\u043e\u0432\u043e\u0447\u043d\u043e\u0435 \u0440\u0435\u0448\u0435\u043d\u0438\u0435 &#8211; Interium - \u041f\u0440\u0430\u0433\u0430","isPartOf":{"@id":"https:\/\/interiumpro.cz\/ru\/#website"},"primaryImageOfPage":{"@id":"https:\/\/interiumpro.cz\/ru\/3d-planirovochnoe-reshenie\/#primaryimage"},"image":{"@id":"https:\/\/interiumpro.cz\/ru\/3d-planirovochnoe-reshenie\/#primaryimage"},"thumbnailUrl":"https:\/\/interiumpro.cz\/wp-content\/uploads\/2023\/10\/dispozice-1.png","datePublished":"2023-10-13T07:22:39+00:00","dateModified":"2023-10-13T07:22:43+00:00","breadcrumb":{"@id":"https:\/\/interiumpro.cz\/ru\/3d-planirovochnoe-reshenie\/#breadcrumb"},"inLanguage":"ru-RU","potentialAction":[{"@type":"ReadAction","target":["https:\/\/interiumpro.cz\/ru\/3d-planirovochnoe-reshenie\/"]}]},{"@type":"ImageObject","inLanguage":"ru-RU","@id":"https:\/\/interiumpro.cz\/ru\/3d-planirovochnoe-reshenie\/#primaryimage","url":"https:\/\/interiumpro.cz\/wp-content\/uploads\/2023\/10\/dispozice-1.png","contentUrl":"https:\/\/interiumpro.cz\/wp-content\/uploads\/2023\/10\/dispozice-1.png"},{"@type":"BreadcrumbList","@id":"https:\/\/interiumpro.cz\/ru\/3d-planirovochnoe-reshenie\/#breadcrumb","itemListElement":[{"@type":"ListItem","position":1,"name":"Dom\u016f","item":"https:\/\/interiumpro.cz\/ru\/"},{"@type":"ListItem","position":2,"name":"3D \u043f\u043b\u0430\u043d\u0438\u0440\u043e\u0432\u043e\u0447\u043d\u043e\u0435 \u0440\u0435\u0448\u0435\u043d\u0438\u0435"}]},{"@type":"WebSite","@id":"https:\/\/interiumpro.cz\/ru\/#website","url":"https:\/\/interiumpro.cz\/ru\/","name":"Interium N\u00e1vrhy Interi\u00e9r\u016f","description":"\u0421\u0442\u0443\u0434\u0438\u044f \u0434\u0438\u0437\u0430\u0439\u043d\u0430 \u0438\u043d\u0442\u0435\u0440\u044c\u0435\u0440\u0430","publisher":{"@id":"https:\/\/interiumpro.cz\/ru\/#organization"},"alternateName":"N\u00e1vrhy Interi\u00e9r\u016f","potentialAction":[{"@type":"SearchAction","target":{"@type":"EntryPoint","urlTemplate":"https:\/\/interiumpro.cz\/ru\/?s={search_term_string}"},"query-input":{"@type":"PropertyValueSpecification","valueRequired":true,"valueName":"search_term_string"}}],"inLanguage":"ru-RU"},{"@type":"Organization","@id":"https:\/\/interiumpro.cz\/ru\/#organization","name":"InteriumPro N\u00e1vrhy Interi\u00e9r\u016f","alternateName":"N\u00e1vrhy Interi\u00e9r\u016f","url":"https:\/\/interiumpro.cz\/ru\/","logo":{"@type":"ImageObject","inLanguage":"ru-RU","@id":"https:\/\/interiumpro.cz\/ru\/#\/schema\/logo\/image\/","url":"https:\/\/interiumpro.cz\/wp-content\/uploads\/2020\/04\/cropped-logo-interium14-1024x292-1.png","contentUrl":"https:\/\/interiumpro.cz\/wp-content\/uploads\/2020\/04\/cropped-logo-interium14-1024x292-1.png","width":1022,"height":292,"caption":"InteriumPro N\u00e1vrhy Interi\u00e9r\u016f"},"image":{"@id":"https:\/\/interiumpro.cz\/ru\/#\/schema\/logo\/image\/"},"sameAs":["https:\/\/www.facebook.com\/interiumpro.cz\/"]}]}},"_links":{"self":[{"href":"https:\/\/interiumpro.cz\/ru\/wp-json\/wp\/v2\/pages\/12075","targetHints":{"allow":["GET"]}}],"collection":[{"href":"https:\/\/interiumpro.cz\/ru\/wp-json\/wp\/v2\/pages"}],"about":[{"href":"https:\/\/interiumpro.cz\/ru\/wp-json\/wp\/v2\/types\/page"}],"author":[{"embeddable":true,"href":"https:\/\/interiumpro.cz\/ru\/wp-json\/wp\/v2\/users\/1"}],"replies":[{"embeddable":true,"href":"https:\/\/interiumpro.cz\/ru\/wp-json\/wp\/v2\/comments?post=12075"}],"version-history":[{"count":0,"href":"https:\/\/interiumpro.cz\/ru\/wp-json\/wp\/v2\/pages\/12075\/revisions"}],"wp:attachment":[{"href":"https:\/\/interiumpro.cz\/ru\/wp-json\/wp\/v2\/media?parent=12075"}],"curies":[{"name":"wp","href":"https:\/\/api.w.org\/{rel}","templated":true}]}}