{"id":3798,"date":"2020-04-06T07:23:47","date_gmt":"2020-04-06T07:23:47","guid":{"rendered":"https:\/\/interiumpro.cz\/privacy-policy\/"},"modified":"2023-12-11T12:09:22","modified_gmt":"2023-12-11T11:09:22","slug":"privacy-policy","status":"publish","type":"page","link":"https:\/\/interiumpro.cz\/en\/privacy-policy\/","title":{"rendered":"Privacy Policy"},"content":{"rendered":"\t\t<div data-elementor-type=\"wp-page\" data-elementor-id=\"3798\" class=\"elementor elementor-3798 elementor-1238\" data-elementor-post-type=\"page\">\n\t\t\t\t\t\t<section class=\"elementor-section elementor-top-section elementor-element elementor-element-23e820fe elementor-section-boxed elementor-section-height-default elementor-section-height-default\" data-id=\"23e820fe\" data-element_type=\"section\" data-e-type=\"section\">\n\t\t\t\t\t\t<div class=\"elementor-container elementor-column-gap-default\">\n\t\t\t\t\t<div class=\"elementor-column elementor-col-100 elementor-top-column elementor-element elementor-element-5bfb5c04\" data-id=\"5bfb5c04\" data-element_type=\"column\" data-e-type=\"column\">\n\t\t\t<div class=\"elementor-widget-wrap elementor-element-populated\">\n\t\t\t\t\t\t\t<\/div>\n\t\t<\/div>\n\t\t\t\t\t<\/div>\n\t\t<\/section>\n\t\t\t\t<section class=\"elementor-section elementor-top-section elementor-element elementor-element-2f364f39 elementor-section-stretched elementor-section-boxed elementor-section-height-default elementor-section-height-default\" data-id=\"2f364f39\" data-element_type=\"section\" data-e-type=\"section\" data-settings=\"{&quot;stretch_section&quot;:&quot;section-stretched&quot;}\">\n\t\t\t\t\t\t<div class=\"elementor-container elementor-column-gap-default\">\n\t\t\t\t\t<div class=\"elementor-column elementor-col-33 elementor-top-column elementor-element elementor-element-4163112c\" data-id=\"4163112c\" data-element_type=\"column\" data-e-type=\"column\">\n\t\t\t<div class=\"elementor-widget-wrap elementor-element-populated\">\n\t\t\t\t\t\t<div class=\"elementor-element elementor-element-63ab027a elementor-widget-divider--view-line elementor-invisible elementor-widget elementor-widget-divider\" data-id=\"63ab027a\" data-element_type=\"widget\" data-e-type=\"widget\" data-settings=\"{&quot;_animation&quot;:&quot;fadeInLeft&quot;}\" data-widget_type=\"divider.default\">\n\t\t\t\t<div class=\"elementor-widget-container\">\n\t\t\t\t\t\t\t<div class=\"elementor-divider\">\n\t\t\t<span class=\"elementor-divider-separator\">\n\t\t\t\t\t\t<\/span>\n\t\t<\/div>\n\t\t\t\t\t\t<\/div>\n\t\t\t\t<\/div>\n\t\t\t\t\t<\/div>\n\t\t<\/div>\n\t\t\t\t<div class=\"elementor-column elementor-col-33 elementor-top-column elementor-element elementor-element-5ddf9ed5\" data-id=\"5ddf9ed5\" data-element_type=\"column\" data-e-type=\"column\">\n\t\t\t<div class=\"elementor-widget-wrap elementor-element-populated\">\n\t\t\t\t\t\t<div class=\"elementor-element elementor-element-4e467a1d elementor-widget elementor-widget-heading\" data-id=\"4e467a1d\" data-element_type=\"widget\" data-e-type=\"widget\" data-widget_type=\"heading.default\">\n\t\t\t\t<div class=\"elementor-widget-container\">\n\t\t\t\t\t<h2 class=\"elementor-heading-title elementor-size-default\">Privacy Policy<\/h2>\t\t\t\t<\/div>\n\t\t\t\t<\/div>\n\t\t\t\t\t<\/div>\n\t\t<\/div>\n\t\t\t\t<div class=\"elementor-column elementor-col-33 elementor-top-column elementor-element elementor-element-73f50731\" data-id=\"73f50731\" data-element_type=\"column\" data-e-type=\"column\">\n\t\t\t<div class=\"elementor-widget-wrap elementor-element-populated\">\n\t\t\t\t\t\t<div class=\"elementor-element elementor-element-47216371 elementor-widget-divider--view-line elementor-invisible elementor-widget elementor-widget-divider\" data-id=\"47216371\" data-element_type=\"widget\" data-e-type=\"widget\" data-settings=\"{&quot;_animation&quot;:&quot;fadeInRight&quot;}\" data-widget_type=\"divider.default\">\n\t\t\t\t<div class=\"elementor-widget-container\">\n\t\t\t\t\t\t\t<div class=\"elementor-divider\">\n\t\t\t<span class=\"elementor-divider-separator\">\n\t\t\t\t\t\t<\/span>\n\t\t<\/div>\n\t\t\t\t\t\t<\/div>\n\t\t\t\t<\/div>\n\t\t\t\t\t<\/div>\n\t\t<\/div>\n\t\t\t\t\t<\/div>\n\t\t<\/section>\n\t\t\t\t<section class=\"elementor-section elementor-top-section elementor-element elementor-element-208c7061 elementor-section-stretched elementor-section-boxed elementor-section-height-default elementor-section-height-default\" data-id=\"208c7061\" data-element_type=\"section\" data-e-type=\"section\" data-settings=\"{&quot;background_background&quot;:&quot;classic&quot;,&quot;stretch_section&quot;:&quot;section-stretched&quot;}\">\n\t\t\t\t\t\t<div class=\"elementor-container elementor-column-gap-wider\">\n\t\t\t\t\t<div class=\"elementor-column elementor-col-100 elementor-top-column elementor-element elementor-element-71a9e056\" data-id=\"71a9e056\" data-element_type=\"column\" data-e-type=\"column\">\n\t\t\t<div class=\"elementor-widget-wrap elementor-element-populated\">\n\t\t\t\t\t\t<div class=\"elementor-element elementor-element-3a5be09d elementor-widget elementor-widget-text-editor\" data-id=\"3a5be09d\" data-element_type=\"widget\" data-e-type=\"widget\" data-widget_type=\"text-editor.default\">\n\t\t\t\t<div class=\"elementor-widget-container\">\n\t\t\t\t\t\t\t\t\t<p><strong>Website Privacy Policy <\/strong><strong>interiumpro<\/strong><strong>.<\/strong><strong>cz<\/strong><\/p>\n<p>The administration of the interiumpro.cz website is committed to preserving your privacy on the Internet. We place great importance on safeguarding the data you provide to us. Our privacy policy is based on the requirements of <a href=\"https:\/\/ec.europa.eu\/info\/law\/law-topic\/data-protection_en\">The European Union&#8217;s General Data Protection Regulation (GDPR). <\/a>The purposes for which we collect personal data: to improve the operation of our service, to contact visitors to this site, to send e-mail newsletters, to provide information requested by the user, to provide services related to the activities of this site, as well as for the following activities.<\/p>\n<p><strong>Collection and use of personal data<\/strong><\/p>\n<p>We only collect and use your personal data if you voluntarily consent. By agreeing to this, you authorize us to collect and use the following data: first and last name, date of birth, email, phone number, home address, personal photos , social media account data, . Your data will be collected and processed in accordance with the laws in force in the European Union and in the Czech Republic.<\/p>\n<p><strong>Data storage, modification and deletion<\/strong><\/p>\n<p>The User who has provided his\/her personal data to the interiumpro.cz website has the right to change and delete them, as well as to withdraw his\/her consent to their use. The period for which your personal data will be stored: the retention period for commercial and tax data. When the use of your data is completed, the administration of the site deletes it. To access your personal data, you can contact the administration of the website at the following address: Bitmap spol. s.r.o., J. Plachty 986\/17, 150 00 Praha 5-Sm\u00edchov. We can only share your personal data with a third party with your voluntary consent, if it has been shared, we cannot change the data with other organizations not affiliated with us.<\/p>\n<p><strong>Use of technical data when visiting the website<\/strong><\/p>\n<p>When you visit the interiumpro.cz website, your IP address, time of visit, browser settings, operating system and other technical information necessary for correct display of the website content are stored in the database. It is not possible for us to identify the identity of the visitor from this data.<\/p>\n<p><strong>Provision of information by children<\/strong><\/p>\n<p>If you are a parent or guardian and you know that your children have provided us with their personal information without your consent, please contact us: info@interiumpro.cz. Our service prohibits the personal information of minors without the consent of a parent or guardian.<\/p>\n<p><strong>Usage <\/strong><strong>cookies<\/strong><\/p>\n<p>For correct display of content and for the convenience of using the interiumpro.cz website, we use cookies. These are small files that are stored on your device. They help the site remember information about you, such as what language you are viewing the site in and what pages you have already opened, this information will be useful the next time you visit. Cookies make browsing the site much more convenient. You can read more about these files <a href=\"https:\/\/ru.wikipedia.org\/wiki\/Cookie\">here.<\/a> You can set your browser to accept or block cookies yourself. Failure to accept cookies may limit the performance of the site.<\/p>\n<p><strong>Use of personal data by other services<\/strong><\/p>\n<p>This website uses third-party Internet services that collect information independent of us: Google Analytics , Google AdSense, Yandex.Metrica, Yandex.Direct, Disqus.com, Facebook.com, . The data they collect may be shared with other services within these organizations, they may use the data to personalize ads for their own advertising network. You can read the user agreements of these organizations on their websites. There you can also opt out of their collection of personal data, for example the <a href=\"https:\/\/tools.google.com\/dlpage\/gaoptout?hl=ru\">Google Analytics<\/a> blocker is here, the <a href=\"https:\/\/yandex.ru\/support\/metrika\/general\/opt-out.html\">Yandex Metrics blocker i<\/a>s here. We do not share personal data with other organizations and services not listed in this privacy policy. The only exception is the transfer of information at the legal requirements of public authorities authorized to carry out these actions.<\/p>\n<p><strong>Links to other sites<\/strong><\/p>\n<p>Our website interiumpro.cz may contain links to other websites that are not operated by us. We are not responsible for their content. We encourage you to read the privacy policy of each site you visit, if it is there.<\/p>\n<p><strong>Changes to the privacy policy<\/strong><\/p>\n<p>Our interiumpro.cz website may update our privacy policy from time to time. We will announce any changes by posting a new privacy policy on this page. We monitor changes in legislation concerning personal data in the European Union and in the Czech Republic. If you have left personal data with us, we will notify you of any changes to our privacy policy. If your personal information has not been entered correctly, we will not be able to contact you.<\/p>\n<p><strong>Feedback, final provisions<\/strong><\/p>\n<p>You can contact the administration of the interiumpro.cz website regarding questions related to the privacy policy at info@interiumpro.cz or by using the contact form indicated in the corresponding section of this website. If you do not agree with this privacy policy, you may not use the services of interiumpro.cz, in which case you should refrain from visiting our website.<\/p>\t\t\t\t\t\t\t\t<\/div>\n\t\t\t\t<\/div>\n\t\t\t\t\t<\/div>\n\t\t<\/div>\n\t\t\t\t\t<\/div>\n\t\t<\/section>\n\t\t\t\t<\/div>\n\t\t","protected":false},"excerpt":{"rendered":"<p>Privacy Policy Website Privacy Policy interiumpro.cz The administration of the interiumpro.cz website is committed to preserving your privacy on the Internet. We place great importance on safeguarding the data you provide to us. Our privacy policy is based on the requirements of The European Union&#8217;s General Data Protection Regulation (GDPR). The purposes for which we [&hellip;]<\/p>\n","protected":false},"author":1,"featured_media":0,"parent":0,"menu_order":0,"comment_status":"closed","ping_status":"closed","template":"","meta":{"footnotes":""},"class_list":["post-3798","page","type-page","status-publish","hentry"],"yoast_head":"<!-- This site is optimized with the Yoast SEO Premium plugin v27.5 (Yoast SEO v27.5) - https:\/\/yoast.com\/product\/yoast-seo-premium-wordpress\/ -->\n<title>Privacy Policy &#8211; Interior Design<\/title>\n<meta name=\"robots\" content=\"index, follow, max-snippet:-1, max-image-preview:large, max-video-preview:-1\" \/>\n<link rel=\"canonical\" href=\"https:\/\/interiumpro.cz\/en\/privacy-policy\/\" \/>\n<meta property=\"og:locale\" content=\"en_US\" \/>\n<meta property=\"og:type\" content=\"article\" \/>\n<meta property=\"og:title\" content=\"Privacy Policy\" \/>\n<meta property=\"og:description\" content=\"Privacy Policy Website Privacy Policy interiumpro.cz The administration of the interiumpro.cz website is committed to preserving your privacy on the Internet. We place great importance on safeguarding the data you provide to us. Our privacy policy is based on the requirements of The European Union&#8217;s General Data Protection Regulation (GDPR). The purposes for which we [&hellip;]\" \/>\n<meta property=\"og:url\" content=\"https:\/\/interiumpro.cz\/en\/privacy-policy\/\" \/>\n<meta property=\"og:site_name\" content=\"Interior Design\" \/>\n<meta property=\"article:publisher\" content=\"https:\/\/www.facebook.com\/interiumpro.cz\/\" \/>\n<meta property=\"article:modified_time\" content=\"2023-12-11T11:09:22+00:00\" \/>\n<meta property=\"og:image\" content=\"https:\/\/interiumpro.cz\/wp-content\/uploads\/2023\/04\/kamyk-600-600.jpg\" \/>\n\t<meta property=\"og:image:width\" content=\"600\" \/>\n\t<meta property=\"og:image:height\" content=\"600\" \/>\n\t<meta property=\"og:image:type\" content=\"image\/jpeg\" \/>\n<meta name=\"twitter:card\" content=\"summary_large_image\" \/>\n<meta name=\"twitter:label1\" content=\"Est. reading time\" \/>\n\t<meta name=\"twitter:data1\" content=\"4 minutes\" \/>\n<script type=\"application\/ld+json\" class=\"yoast-schema-graph\">{\"@context\":\"https:\\\/\\\/schema.org\",\"@graph\":[{\"@type\":\"WebPage\",\"@id\":\"https:\\\/\\\/interiumpro.cz\\\/en\\\/privacy-policy\\\/\",\"url\":\"https:\\\/\\\/interiumpro.cz\\\/en\\\/privacy-policy\\\/\",\"name\":\"Privacy Policy &#8211; Interior Design\",\"isPartOf\":{\"@id\":\"https:\\\/\\\/interiumpro.cz\\\/en\\\/#website\"},\"datePublished\":\"2020-04-06T07:23:47+00:00\",\"dateModified\":\"2023-12-11T11:09:22+00:00\",\"breadcrumb\":{\"@id\":\"https:\\\/\\\/interiumpro.cz\\\/en\\\/privacy-policy\\\/#breadcrumb\"},\"inLanguage\":\"en-US\",\"potentialAction\":[{\"@type\":\"ReadAction\",\"target\":[\"https:\\\/\\\/interiumpro.cz\\\/en\\\/privacy-policy\\\/\"]}]},{\"@type\":\"BreadcrumbList\",\"@id\":\"https:\\\/\\\/interiumpro.cz\\\/en\\\/privacy-policy\\\/#breadcrumb\",\"itemListElement\":[{\"@type\":\"ListItem\",\"position\":1,\"name\":\"Dom\u016f\",\"item\":\"https:\\\/\\\/interiumpro.cz\\\/en\\\/\"},{\"@type\":\"ListItem\",\"position\":2,\"name\":\"Privacy Policy\"}]},{\"@type\":\"WebSite\",\"@id\":\"https:\\\/\\\/interiumpro.cz\\\/en\\\/#website\",\"url\":\"https:\\\/\\\/interiumpro.cz\\\/en\\\/\",\"name\":\"Interium N\u00e1vrhy Interi\u00e9r\u016f\",\"description\":\"Interium - Praha\",\"publisher\":{\"@id\":\"https:\\\/\\\/interiumpro.cz\\\/en\\\/#organization\"},\"alternateName\":\"N\u00e1vrhy Interi\u00e9r\u016f\",\"potentialAction\":[{\"@type\":\"SearchAction\",\"target\":{\"@type\":\"EntryPoint\",\"urlTemplate\":\"https:\\\/\\\/interiumpro.cz\\\/en\\\/?s={search_term_string}\"},\"query-input\":{\"@type\":\"PropertyValueSpecification\",\"valueRequired\":true,\"valueName\":\"search_term_string\"}}],\"inLanguage\":\"en-US\"},{\"@type\":\"Organization\",\"@id\":\"https:\\\/\\\/interiumpro.cz\\\/en\\\/#organization\",\"name\":\"InteriumPro N\u00e1vrhy Interi\u00e9r\u016f\",\"alternateName\":\"N\u00e1vrhy Interi\u00e9r\u016f\",\"url\":\"https:\\\/\\\/interiumpro.cz\\\/en\\\/\",\"logo\":{\"@type\":\"ImageObject\",\"inLanguage\":\"en-US\",\"@id\":\"https:\\\/\\\/interiumpro.cz\\\/en\\\/#\\\/schema\\\/logo\\\/image\\\/\",\"url\":\"https:\\\/\\\/interiumpro.cz\\\/wp-content\\\/uploads\\\/2020\\\/04\\\/cropped-logo-interium14-1024x292-1.png\",\"contentUrl\":\"https:\\\/\\\/interiumpro.cz\\\/wp-content\\\/uploads\\\/2020\\\/04\\\/cropped-logo-interium14-1024x292-1.png\",\"width\":1022,\"height\":292,\"caption\":\"InteriumPro N\u00e1vrhy Interi\u00e9r\u016f\"},\"image\":{\"@id\":\"https:\\\/\\\/interiumpro.cz\\\/en\\\/#\\\/schema\\\/logo\\\/image\\\/\"},\"sameAs\":[\"https:\\\/\\\/www.facebook.com\\\/interiumpro.cz\\\/\"]}]}<\/script>\n<!-- \/ Yoast SEO Premium plugin. -->","yoast_head_json":{"title":"Privacy Policy &#8211; Interior Design","robots":{"index":"index","follow":"follow","max-snippet":"max-snippet:-1","max-image-preview":"max-image-preview:large","max-video-preview":"max-video-preview:-1"},"canonical":"https:\/\/interiumpro.cz\/en\/privacy-policy\/","og_locale":"en_US","og_type":"article","og_title":"Privacy Policy","og_description":"Privacy Policy Website Privacy Policy interiumpro.cz The administration of the interiumpro.cz website is committed to preserving your privacy on the Internet. We place great importance on safeguarding the data you provide to us. Our privacy policy is based on the requirements of The European Union&#8217;s General Data Protection Regulation (GDPR). The purposes for which we [&hellip;]","og_url":"https:\/\/interiumpro.cz\/en\/privacy-policy\/","og_site_name":"Interior Design","article_publisher":"https:\/\/www.facebook.com\/interiumpro.cz\/","article_modified_time":"2023-12-11T11:09:22+00:00","og_image":[{"width":600,"height":600,"url":"https:\/\/interiumpro.cz\/wp-content\/uploads\/2023\/04\/kamyk-600-600.jpg","type":"image\/jpeg"}],"twitter_card":"summary_large_image","twitter_misc":{"Est. reading time":"4 minutes"},"schema":{"@context":"https:\/\/schema.org","@graph":[{"@type":"WebPage","@id":"https:\/\/interiumpro.cz\/en\/privacy-policy\/","url":"https:\/\/interiumpro.cz\/en\/privacy-policy\/","name":"Privacy Policy &#8211; Interior Design","isPartOf":{"@id":"https:\/\/interiumpro.cz\/en\/#website"},"datePublished":"2020-04-06T07:23:47+00:00","dateModified":"2023-12-11T11:09:22+00:00","breadcrumb":{"@id":"https:\/\/interiumpro.cz\/en\/privacy-policy\/#breadcrumb"},"inLanguage":"en-US","potentialAction":[{"@type":"ReadAction","target":["https:\/\/interiumpro.cz\/en\/privacy-policy\/"]}]},{"@type":"BreadcrumbList","@id":"https:\/\/interiumpro.cz\/en\/privacy-policy\/#breadcrumb","itemListElement":[{"@type":"ListItem","position":1,"name":"Dom\u016f","item":"https:\/\/interiumpro.cz\/en\/"},{"@type":"ListItem","position":2,"name":"Privacy Policy"}]},{"@type":"WebSite","@id":"https:\/\/interiumpro.cz\/en\/#website","url":"https:\/\/interiumpro.cz\/en\/","name":"Interium N\u00e1vrhy Interi\u00e9r\u016f","description":"Interium - Praha","publisher":{"@id":"https:\/\/interiumpro.cz\/en\/#organization"},"alternateName":"N\u00e1vrhy Interi\u00e9r\u016f","potentialAction":[{"@type":"SearchAction","target":{"@type":"EntryPoint","urlTemplate":"https:\/\/interiumpro.cz\/en\/?s={search_term_string}"},"query-input":{"@type":"PropertyValueSpecification","valueRequired":true,"valueName":"search_term_string"}}],"inLanguage":"en-US"},{"@type":"Organization","@id":"https:\/\/interiumpro.cz\/en\/#organization","name":"InteriumPro N\u00e1vrhy Interi\u00e9r\u016f","alternateName":"N\u00e1vrhy Interi\u00e9r\u016f","url":"https:\/\/interiumpro.cz\/en\/","logo":{"@type":"ImageObject","inLanguage":"en-US","@id":"https:\/\/interiumpro.cz\/en\/#\/schema\/logo\/image\/","url":"https:\/\/interiumpro.cz\/wp-content\/uploads\/2020\/04\/cropped-logo-interium14-1024x292-1.png","contentUrl":"https:\/\/interiumpro.cz\/wp-content\/uploads\/2020\/04\/cropped-logo-interium14-1024x292-1.png","width":1022,"height":292,"caption":"InteriumPro N\u00e1vrhy Interi\u00e9r\u016f"},"image":{"@id":"https:\/\/interiumpro.cz\/en\/#\/schema\/logo\/image\/"},"sameAs":["https:\/\/www.facebook.com\/interiumpro.cz\/"]}]}},"_links":{"self":[{"href":"https:\/\/interiumpro.cz\/en\/wp-json\/wp\/v2\/pages\/3798","targetHints":{"allow":["GET"]}}],"collection":[{"href":"https:\/\/interiumpro.cz\/en\/wp-json\/wp\/v2\/pages"}],"about":[{"href":"https:\/\/interiumpro.cz\/en\/wp-json\/wp\/v2\/types\/page"}],"author":[{"embeddable":true,"href":"https:\/\/interiumpro.cz\/en\/wp-json\/wp\/v2\/users\/1"}],"replies":[{"embeddable":true,"href":"https:\/\/interiumpro.cz\/en\/wp-json\/wp\/v2\/comments?post=3798"}],"version-history":[{"count":0,"href":"https:\/\/interiumpro.cz\/en\/wp-json\/wp\/v2\/pages\/3798\/revisions"}],"wp:attachment":[{"href":"https:\/\/interiumpro.cz\/en\/wp-json\/wp\/v2\/media?parent=3798"}],"curies":[{"name":"wp","href":"https:\/\/api.w.org\/{rel}","templated":true}]}}