{"id":12304,"date":"2023-11-30T17:01:46","date_gmt":"2023-11-30T16:01:46","guid":{"rendered":"https:\/\/interiumpro.cz\/3d-layout\/"},"modified":"2023-11-30T17:02:00","modified_gmt":"2023-11-30T16:02:00","slug":"3d-layout","status":"publish","type":"page","link":"https:\/\/interiumpro.cz\/en\/3d-layout\/","title":{"rendered":"3D layout"},"content":{"rendered":"\t\t<div data-elementor-type=\"wp-page\" data-elementor-id=\"12304\" class=\"elementor elementor-12304 elementor-11454\" data-elementor-post-type=\"page\">\n\t\t\t\t\t\t<section class=\"elementor-section elementor-top-section elementor-element elementor-element-7ea21ea1 elementor-section-stretched elementor-section-boxed elementor-section-height-default elementor-section-height-default\" data-id=\"7ea21ea1\" data-element_type=\"section\" data-e-type=\"section\" data-settings=\"{&quot;stretch_section&quot;:&quot;section-stretched&quot;}\">\n\t\t\t\t\t\t<div class=\"elementor-container elementor-column-gap-default\">\n\t\t\t\t\t<div class=\"elementor-column elementor-col-33 elementor-top-column elementor-element elementor-element-1ea4a53\" data-id=\"1ea4a53\" data-element_type=\"column\" data-e-type=\"column\">\n\t\t\t<div class=\"elementor-widget-wrap elementor-element-populated\">\n\t\t\t\t\t\t<div class=\"elementor-element elementor-element-6c4b608b elementor-widget-divider--view-line elementor-invisible elementor-widget elementor-widget-divider\" data-id=\"6c4b608b\" data-element_type=\"widget\" data-e-type=\"widget\" data-settings=\"{&quot;_animation&quot;:&quot;fadeInLeft&quot;}\" data-widget_type=\"divider.default\">\n\t\t\t\t<div class=\"elementor-widget-container\">\n\t\t\t\t\t\t\t<div class=\"elementor-divider\">\n\t\t\t<span class=\"elementor-divider-separator\">\n\t\t\t\t\t\t<\/span>\n\t\t<\/div>\n\t\t\t\t\t\t<\/div>\n\t\t\t\t<\/div>\n\t\t\t\t\t<\/div>\n\t\t<\/div>\n\t\t\t\t<div class=\"elementor-column elementor-col-33 elementor-top-column elementor-element elementor-element-34661c94\" data-id=\"34661c94\" data-element_type=\"column\" data-e-type=\"column\">\n\t\t\t<div class=\"elementor-widget-wrap elementor-element-populated\">\n\t\t\t\t\t\t<div class=\"elementor-element elementor-element-b8b7f6a elementor-widget elementor-widget-heading\" data-id=\"b8b7f6a\" data-element_type=\"widget\" data-e-type=\"widget\" data-widget_type=\"heading.default\">\n\t\t\t\t<div class=\"elementor-widget-container\">\n\t\t\t\t\t<h2 class=\"elementor-heading-title elementor-size-default\">Sample of the 3D presentation of the layout <\/h2>\t\t\t\t<\/div>\n\t\t\t\t<\/div>\n\t\t\t\t\t<\/div>\n\t\t<\/div>\n\t\t\t\t<div class=\"elementor-column elementor-col-33 elementor-top-column elementor-element elementor-element-b9f5972\" data-id=\"b9f5972\" data-element_type=\"column\" data-e-type=\"column\">\n\t\t\t<div class=\"elementor-widget-wrap elementor-element-populated\">\n\t\t\t\t\t\t<div class=\"elementor-element elementor-element-5372d21e elementor-widget-divider--view-line elementor-invisible elementor-widget elementor-widget-divider\" data-id=\"5372d21e\" data-element_type=\"widget\" data-e-type=\"widget\" data-settings=\"{&quot;_animation&quot;:&quot;fadeInRight&quot;}\" data-widget_type=\"divider.default\">\n\t\t\t\t<div class=\"elementor-widget-container\">\n\t\t\t\t\t\t\t<div class=\"elementor-divider\">\n\t\t\t<span class=\"elementor-divider-separator\">\n\t\t\t\t\t\t<\/span>\n\t\t<\/div>\n\t\t\t\t\t\t<\/div>\n\t\t\t\t<\/div>\n\t\t\t\t\t<\/div>\n\t\t<\/div>\n\t\t\t\t\t<\/div>\n\t\t<\/section>\n\t\t\t\t<section class=\"elementor-section elementor-top-section elementor-element elementor-element-59c31b55 elementor-section-boxed elementor-section-height-default elementor-section-height-default\" data-id=\"59c31b55\" data-element_type=\"section\" data-e-type=\"section\">\n\t\t\t\t\t\t<div class=\"elementor-container elementor-column-gap-default\">\n\t\t\t\t\t<div class=\"elementor-column elementor-col-33 elementor-top-column elementor-element elementor-element-15b9bbcc\" data-id=\"15b9bbcc\" data-element_type=\"column\" data-e-type=\"column\">\n\t\t\t<div class=\"elementor-widget-wrap elementor-element-populated\">\n\t\t\t\t\t\t<div class=\"elementor-element elementor-element-5bcaa14 elementor-widget elementor-widget-video\" data-id=\"5bcaa14\" data-element_type=\"widget\" data-e-type=\"widget\" data-settings=\"{&quot;youtube_url&quot;:&quot;https:\\\/\\\/www.youtube.com\\\/watch?app=desktop&amp;v=yqAd97c8EhQ&amp;t=1s&quot;,&quot;video_type&quot;:&quot;youtube&quot;,&quot;controls&quot;:&quot;yes&quot;}\" data-widget_type=\"video.default\">\n\t\t\t\t<div class=\"elementor-widget-container\">\n\t\t\t\t\t\t\t<div class=\"elementor-wrapper elementor-open-inline\">\n\t\t\t<div class=\"elementor-video\"><\/div>\t\t<\/div>\n\t\t\t\t\t\t<\/div>\n\t\t\t\t<\/div>\n\t\t\t\t\t<\/div>\n\t\t<\/div>\n\t\t\t\t<div class=\"elementor-column elementor-col-66 elementor-top-column elementor-element elementor-element-62017139\" data-id=\"62017139\" data-element_type=\"column\" data-e-type=\"column\">\n\t\t\t<div class=\"elementor-widget-wrap elementor-element-populated\">\n\t\t\t\t\t\t<div class=\"elementor-element elementor-element-5d5a993d elementor-widget elementor-widget-image\" data-id=\"5d5a993d\" data-element_type=\"widget\" data-e-type=\"widget\" data-widget_type=\"image.default\">\n\t\t\t\t<div class=\"elementor-widget-container\">\n\t\t\t\t\t\t\t\t\t\t\t\t\t\t\t\t<a href=\"https:\/\/interiumpro.cz\/wp-content\/uploads\/2023\/10\/dispozice-1.png\" data-elementor-open-lightbox=\"yes\" data-e-action-hash=\"#elementor-action%3Aaction%3Dlightbox%26settings%3DeyJpZCI6MTE0NjIsInVybCI6Imh0dHBzOlwvXC9pbnRlcml1bXByby5jelwvd3AtY29udGVudFwvdXBsb2Fkc1wvMjAyM1wvMTBcL2Rpc3BvemljZS0xLnBuZyJ9\">\n\t\t\t\t\t\t\t<img fetchpriority=\"high\" decoding=\"async\" width=\"709\" height=\"363\" src=\"https:\/\/interiumpro.cz\/wp-content\/uploads\/2023\/10\/dispozice-1.png\" class=\"attachment-full size-full wp-image-11462\" alt=\"\" srcset=\"https:\/\/interiumpro.cz\/wp-content\/uploads\/2023\/10\/dispozice-1.png 709w, https:\/\/interiumpro.cz\/wp-content\/uploads\/2023\/10\/dispozice-1-300x154.png 300w\" sizes=\"(max-width: 709px) 100vw, 709px\" \/>\t\t\t\t\t\t\t\t<\/a>\n\t\t\t\t\t\t\t\t\t\t\t\t\t\t\t<\/div>\n\t\t\t\t<\/div>\n\t\t\t\t<div class=\"elementor-element elementor-element-1a31078 elementor-widget elementor-widget-text-editor\" data-id=\"1a31078\" data-element_type=\"widget\" data-e-type=\"widget\" data-widget_type=\"text-editor.default\">\n\t\t\t\t<div class=\"elementor-widget-container\">\n\t\t\t\t\t\t\t\t\t<div>LAYOUT SOLUTION<\/div>\n<ul>\n<li>Possible reconstruction, placement of furniture and light sources.<\/li>\n<li>We offer 2-3 variants, you can choose the best variant or we can modify it.<\/li>\n<\/ul>\n\t\t\t\t\t\t\t\t<\/div>\n\t\t\t\t<\/div>\n\t\t\t\t\t<\/div>\n\t\t<\/div>\n\t\t\t\t\t<\/div>\n\t\t<\/section>\n\t\t\t\t<\/div>\n\t\t","protected":false},"excerpt":{"rendered":"<p>Sample of the 3D presentation of the layout https:\/\/www.youtube.com\/watch?app=desktop&#038;v=yqAd97c8EhQ&#038;t=1s LAYOUT SOLUTION Possible reconstruction, placement of furniture and light sources. We offer 2-3 variants, you can choose the best variant or we can modify it.<\/p>\n","protected":false},"author":1,"featured_media":0,"parent":0,"menu_order":0,"comment_status":"closed","ping_status":"closed","template":"","meta":{"footnotes":""},"class_list":["post-12304","page","type-page","status-publish","hentry"],"yoast_head":"<!-- This site is optimized with the Yoast SEO Premium plugin v27.4 (Yoast SEO v27.4) - https:\/\/yoast.com\/product\/yoast-seo-premium-wordpress\/ -->\n<title>3D layout &#8211; Interior Design<\/title>\n<meta name=\"robots\" content=\"index, follow, max-snippet:-1, max-image-preview:large, max-video-preview:-1\" \/>\n<link rel=\"canonical\" href=\"https:\/\/interiumpro.cz\/en\/3d-layout\/\" \/>\n<meta property=\"og:locale\" content=\"en_US\" \/>\n<meta property=\"og:type\" content=\"article\" \/>\n<meta property=\"og:title\" content=\"3D layout\" \/>\n<meta property=\"og:description\" content=\"Sample of the 3D presentation of the layout https:\/\/www.youtube.com\/watch?app=desktop&#038;v=yqAd97c8EhQ&#038;t=1s LAYOUT SOLUTION Possible reconstruction, placement of furniture and light sources. We offer 2-3 variants, you can choose the best variant or we can modify it.\" \/>\n<meta property=\"og:url\" content=\"https:\/\/interiumpro.cz\/en\/3d-layout\/\" \/>\n<meta property=\"og:site_name\" content=\"Interior Design\" \/>\n<meta property=\"article:publisher\" content=\"https:\/\/www.facebook.com\/interiumpro.cz\/\" \/>\n<meta property=\"article:modified_time\" content=\"2023-11-30T16:02:00+00:00\" \/>\n<meta property=\"og:image\" content=\"https:\/\/interiumpro.cz\/wp-content\/uploads\/2023\/10\/dispozice-1.png\" \/>\n<meta name=\"twitter:card\" content=\"summary_large_image\" \/>\n<script type=\"application\/ld+json\" class=\"yoast-schema-graph\">{\"@context\":\"https:\\\/\\\/schema.org\",\"@graph\":[{\"@type\":\"WebPage\",\"@id\":\"https:\\\/\\\/interiumpro.cz\\\/en\\\/3d-layout\\\/\",\"url\":\"https:\\\/\\\/interiumpro.cz\\\/en\\\/3d-layout\\\/\",\"name\":\"3D layout &#8211; Interior Design\",\"isPartOf\":{\"@id\":\"https:\\\/\\\/interiumpro.cz\\\/en\\\/#website\"},\"primaryImageOfPage\":{\"@id\":\"https:\\\/\\\/interiumpro.cz\\\/en\\\/3d-layout\\\/#primaryimage\"},\"image\":{\"@id\":\"https:\\\/\\\/interiumpro.cz\\\/en\\\/3d-layout\\\/#primaryimage\"},\"thumbnailUrl\":\"https:\\\/\\\/interiumpro.cz\\\/wp-content\\\/uploads\\\/2023\\\/10\\\/dispozice-1.png\",\"datePublished\":\"2023-11-30T16:01:46+00:00\",\"dateModified\":\"2023-11-30T16:02:00+00:00\",\"breadcrumb\":{\"@id\":\"https:\\\/\\\/interiumpro.cz\\\/en\\\/3d-layout\\\/#breadcrumb\"},\"inLanguage\":\"en-US\",\"potentialAction\":[{\"@type\":\"ReadAction\",\"target\":[\"https:\\\/\\\/interiumpro.cz\\\/en\\\/3d-layout\\\/\"]}]},{\"@type\":\"ImageObject\",\"inLanguage\":\"en-US\",\"@id\":\"https:\\\/\\\/interiumpro.cz\\\/en\\\/3d-layout\\\/#primaryimage\",\"url\":\"https:\\\/\\\/interiumpro.cz\\\/wp-content\\\/uploads\\\/2023\\\/10\\\/dispozice-1.png\",\"contentUrl\":\"https:\\\/\\\/interiumpro.cz\\\/wp-content\\\/uploads\\\/2023\\\/10\\\/dispozice-1.png\"},{\"@type\":\"BreadcrumbList\",\"@id\":\"https:\\\/\\\/interiumpro.cz\\\/en\\\/3d-layout\\\/#breadcrumb\",\"itemListElement\":[{\"@type\":\"ListItem\",\"position\":1,\"name\":\"Dom\u016f\",\"item\":\"https:\\\/\\\/interiumpro.cz\\\/en\\\/\"},{\"@type\":\"ListItem\",\"position\":2,\"name\":\"3D layout\"}]},{\"@type\":\"WebSite\",\"@id\":\"https:\\\/\\\/interiumpro.cz\\\/en\\\/#website\",\"url\":\"https:\\\/\\\/interiumpro.cz\\\/en\\\/\",\"name\":\"Interium N\u00e1vrhy Interi\u00e9r\u016f\",\"description\":\"Interium - Praha\",\"publisher\":{\"@id\":\"https:\\\/\\\/interiumpro.cz\\\/en\\\/#organization\"},\"alternateName\":\"N\u00e1vrhy Interi\u00e9r\u016f\",\"potentialAction\":[{\"@type\":\"SearchAction\",\"target\":{\"@type\":\"EntryPoint\",\"urlTemplate\":\"https:\\\/\\\/interiumpro.cz\\\/en\\\/?s={search_term_string}\"},\"query-input\":{\"@type\":\"PropertyValueSpecification\",\"valueRequired\":true,\"valueName\":\"search_term_string\"}}],\"inLanguage\":\"en-US\"},{\"@type\":\"Organization\",\"@id\":\"https:\\\/\\\/interiumpro.cz\\\/en\\\/#organization\",\"name\":\"InteriumPro N\u00e1vrhy Interi\u00e9r\u016f\",\"alternateName\":\"N\u00e1vrhy Interi\u00e9r\u016f\",\"url\":\"https:\\\/\\\/interiumpro.cz\\\/en\\\/\",\"logo\":{\"@type\":\"ImageObject\",\"inLanguage\":\"en-US\",\"@id\":\"https:\\\/\\\/interiumpro.cz\\\/en\\\/#\\\/schema\\\/logo\\\/image\\\/\",\"url\":\"https:\\\/\\\/interiumpro.cz\\\/wp-content\\\/uploads\\\/2020\\\/04\\\/cropped-logo-interium14-1024x292-1.png\",\"contentUrl\":\"https:\\\/\\\/interiumpro.cz\\\/wp-content\\\/uploads\\\/2020\\\/04\\\/cropped-logo-interium14-1024x292-1.png\",\"width\":1022,\"height\":292,\"caption\":\"InteriumPro N\u00e1vrhy Interi\u00e9r\u016f\"},\"image\":{\"@id\":\"https:\\\/\\\/interiumpro.cz\\\/en\\\/#\\\/schema\\\/logo\\\/image\\\/\"},\"sameAs\":[\"https:\\\/\\\/www.facebook.com\\\/interiumpro.cz\\\/\"]}]}<\/script>\n<!-- \/ Yoast SEO Premium plugin. -->","yoast_head_json":{"title":"3D layout &#8211; Interior Design","robots":{"index":"index","follow":"follow","max-snippet":"max-snippet:-1","max-image-preview":"max-image-preview:large","max-video-preview":"max-video-preview:-1"},"canonical":"https:\/\/interiumpro.cz\/en\/3d-layout\/","og_locale":"en_US","og_type":"article","og_title":"3D layout","og_description":"Sample of the 3D presentation of the layout https:\/\/www.youtube.com\/watch?app=desktop&#038;v=yqAd97c8EhQ&#038;t=1s LAYOUT SOLUTION Possible reconstruction, placement of furniture and light sources. We offer 2-3 variants, you can choose the best variant or we can modify it.","og_url":"https:\/\/interiumpro.cz\/en\/3d-layout\/","og_site_name":"Interior Design","article_publisher":"https:\/\/www.facebook.com\/interiumpro.cz\/","article_modified_time":"2023-11-30T16:02:00+00:00","og_image":[{"url":"https:\/\/interiumpro.cz\/wp-content\/uploads\/2023\/10\/dispozice-1.png","type":"","width":"","height":""}],"twitter_card":"summary_large_image","schema":{"@context":"https:\/\/schema.org","@graph":[{"@type":"WebPage","@id":"https:\/\/interiumpro.cz\/en\/3d-layout\/","url":"https:\/\/interiumpro.cz\/en\/3d-layout\/","name":"3D layout &#8211; Interior Design","isPartOf":{"@id":"https:\/\/interiumpro.cz\/en\/#website"},"primaryImageOfPage":{"@id":"https:\/\/interiumpro.cz\/en\/3d-layout\/#primaryimage"},"image":{"@id":"https:\/\/interiumpro.cz\/en\/3d-layout\/#primaryimage"},"thumbnailUrl":"https:\/\/interiumpro.cz\/wp-content\/uploads\/2023\/10\/dispozice-1.png","datePublished":"2023-11-30T16:01:46+00:00","dateModified":"2023-11-30T16:02:00+00:00","breadcrumb":{"@id":"https:\/\/interiumpro.cz\/en\/3d-layout\/#breadcrumb"},"inLanguage":"en-US","potentialAction":[{"@type":"ReadAction","target":["https:\/\/interiumpro.cz\/en\/3d-layout\/"]}]},{"@type":"ImageObject","inLanguage":"en-US","@id":"https:\/\/interiumpro.cz\/en\/3d-layout\/#primaryimage","url":"https:\/\/interiumpro.cz\/wp-content\/uploads\/2023\/10\/dispozice-1.png","contentUrl":"https:\/\/interiumpro.cz\/wp-content\/uploads\/2023\/10\/dispozice-1.png"},{"@type":"BreadcrumbList","@id":"https:\/\/interiumpro.cz\/en\/3d-layout\/#breadcrumb","itemListElement":[{"@type":"ListItem","position":1,"name":"Dom\u016f","item":"https:\/\/interiumpro.cz\/en\/"},{"@type":"ListItem","position":2,"name":"3D layout"}]},{"@type":"WebSite","@id":"https:\/\/interiumpro.cz\/en\/#website","url":"https:\/\/interiumpro.cz\/en\/","name":"Interium N\u00e1vrhy Interi\u00e9r\u016f","description":"Interium - Praha","publisher":{"@id":"https:\/\/interiumpro.cz\/en\/#organization"},"alternateName":"N\u00e1vrhy Interi\u00e9r\u016f","potentialAction":[{"@type":"SearchAction","target":{"@type":"EntryPoint","urlTemplate":"https:\/\/interiumpro.cz\/en\/?s={search_term_string}"},"query-input":{"@type":"PropertyValueSpecification","valueRequired":true,"valueName":"search_term_string"}}],"inLanguage":"en-US"},{"@type":"Organization","@id":"https:\/\/interiumpro.cz\/en\/#organization","name":"InteriumPro N\u00e1vrhy Interi\u00e9r\u016f","alternateName":"N\u00e1vrhy Interi\u00e9r\u016f","url":"https:\/\/interiumpro.cz\/en\/","logo":{"@type":"ImageObject","inLanguage":"en-US","@id":"https:\/\/interiumpro.cz\/en\/#\/schema\/logo\/image\/","url":"https:\/\/interiumpro.cz\/wp-content\/uploads\/2020\/04\/cropped-logo-interium14-1024x292-1.png","contentUrl":"https:\/\/interiumpro.cz\/wp-content\/uploads\/2020\/04\/cropped-logo-interium14-1024x292-1.png","width":1022,"height":292,"caption":"InteriumPro N\u00e1vrhy Interi\u00e9r\u016f"},"image":{"@id":"https:\/\/interiumpro.cz\/en\/#\/schema\/logo\/image\/"},"sameAs":["https:\/\/www.facebook.com\/interiumpro.cz\/"]}]}},"_links":{"self":[{"href":"https:\/\/interiumpro.cz\/en\/wp-json\/wp\/v2\/pages\/12304","targetHints":{"allow":["GET"]}}],"collection":[{"href":"https:\/\/interiumpro.cz\/en\/wp-json\/wp\/v2\/pages"}],"about":[{"href":"https:\/\/interiumpro.cz\/en\/wp-json\/wp\/v2\/types\/page"}],"author":[{"embeddable":true,"href":"https:\/\/interiumpro.cz\/en\/wp-json\/wp\/v2\/users\/1"}],"replies":[{"embeddable":true,"href":"https:\/\/interiumpro.cz\/en\/wp-json\/wp\/v2\/comments?post=12304"}],"version-history":[{"count":0,"href":"https:\/\/interiumpro.cz\/en\/wp-json\/wp\/v2\/pages\/12304\/revisions"}],"wp:attachment":[{"href":"https:\/\/interiumpro.cz\/en\/wp-json\/wp\/v2\/media?parent=12304"}],"curies":[{"name":"wp","href":"https:\/\/api.w.org\/{rel}","templated":true}]}}